{"id":14,"date":"2025-09-12T09:08:17","date_gmt":"2025-09-12T07:08:17","guid":{"rendered":"https:\/\/www.emmagoulet.de\/?page_id=14"},"modified":"2026-05-12T23:07:42","modified_gmt":"2026-05-12T21:07:42","slug":"meine-qualifikationen","status":"publish","type":"page","link":"https:\/\/emmagoulet.de\/?page_id=14","title":{"rendered":"Meine Qualifikationen"},"content":{"rendered":"\n<p>Im August 2025 habe ich meine \u00fcber zweij\u00e4hrige Ausbildung zur Pferdephysiotherapeutin bei der ATM abgeschlossen.<\/p>\n\n\n\n<p>Aktuell bin ich seit November 2025 in der Ausbildung f\u00fcr Pferdeosteopathie bei der ATM.<\/p>\n\n\n\n<p><strong>2026: (bis jetzt)<\/strong><\/p>\n\n\n\n<ul class=\"wp-block-list\">\n<li>Mai 2026 : Horse Tensegrity Basis 2 in Mischenried<\/li>\n\n\n\n<li>April 2026: Viszerale Osteopathie bei der ATM<\/li>\n\n\n\n<li>Februar 2026: Horse Tensegrity Basis 1 in Mischenried<\/li>\n\n\n\n<li>Februar 2026: Fasziale Osteopathie bei der ATM<\/li>\n\n\n\n<li>Weiterhin regelm\u00e4\u00dfiger Unterricht bei Claudia Strau\u00df<\/li>\n\n\n\n<li>OsteoDressage Ganganalyse (in Bearbeitung)<\/li>\n\n\n\n<li>OsteoDressage Trainingstherapie (in Bearbeitung)<\/li>\n\n\n\n<li>OsteoDressage Trainingstapes (in Bearbeitung)<\/li>\n<\/ul>\n\n\n\n<p><strong>2025:<\/strong><\/p>\n\n\n\n<ul class=\"wp-block-list\">\n<li>Beginn Pferdeosteopathie Ausbildung bei der ATM ab November 2025<\/li>\n\n\n\n<li>August 2025 Abschluss Pferdephysiotherapie<\/li>\n\n\n\n<li>Seit Mai 2025 regelm\u00e4\u00dfiger Unterricht bei Claudia Strau\u00df<\/li>\n\n\n\n<li>Online Kurs Horse Tensegrity Training<\/li>\n\n\n\n<li>Babette Teschen &#8216;Seiteng\u00e4nge am Kappzaum&#8217;<\/li>\n\n\n\n<li>Weggef\u00e4hrten Ausbildung von Sarah Endrich (Clickertraining &amp; positive Verst\u00e4rkung)<\/li>\n<\/ul>\n\n\n\n<p><strong>2024:<\/strong><\/p>\n\n\n\n<ul class=\"wp-block-list\">\n<li>Januar bis August: Praktikum bei Pferdewirtschaftsmeisterin Katrin Lederer<\/li>\n\n\n\n<li>Sommer: Aushilfe\/Praktikum beim Online Kurse Drehen bei Sandra Fencl<\/li>\n\n\n\n<li>Ausbildung Pferdephysiotherapie bei der ATM<\/li>\n\n\n\n<li>Fazienkurs von der Hofreitschule B\u00fcckeburg<\/li>\n\n\n\n<li>Babette Teschen Seminar &#8216;Beurteilung der Laufmanier&#8217;<\/li>\n\n\n\n<li>Bent Branderup Bodenarbeit Online Seminar<\/li>\n\n\n\n<li>OsteoDressage&#8217;Longieren als Dialog&#8217; Online Kurs<\/li>\n<\/ul>\n\n\n\n<p><strong>2023:<\/strong><\/p>\n\n\n\n<ul class=\"wp-block-list\">\n<li>M\u00e4rz bis Juli: Praktikum bei Kathrin Roida mit Fokus auf Handarbeit<\/li>\n\n\n\n<li>Ausbildung Pferdephysiotherapie bei der ATM<\/li>\n\n\n\n<li>Babette Teschen Seminar &#8216;Longierprobleme l\u00f6sen&#8217;<\/li>\n\n\n\n<li>Babette Teschen Seminar &#8216;Bahnfiguren Longieren&#8217;<\/li>\n\n\n\n<li>Bent Branderup Online Kurs Bodenarbeit<\/li>\n<\/ul>\n\n\n\n<p><strong>2022:<\/strong><\/p>\n\n\n\n<ul class=\"wp-block-list\">\n<li>Einmonatiges Praktikum bei Horsemanship Trainer Holger Hei\u00df im Sommer<\/li>\n\n\n\n<li>Kirsti Ludwig Horse Speak Unterricht<\/li>\n\n\n\n<li>Babette Teschen Seminar &#8216;Longenkurs trifft Markertraining&#8217;<\/li>\n\n\n\n<li>Babette Teschen &#8216;Der Longenkurs&#8217;<\/li>\n\n\n\n<li>Online Kurse von Motionclick<\/li>\n\n\n\n<li>Abitur<\/li>\n<\/ul>\n\n\n\n<p><strong>2021:<\/strong><\/p>\n\n\n\n<ul class=\"wp-block-list\">\n<li>Ganzheitliche Online Ausbildung Pferdetraining Sandra Fencl<\/li>\n<\/ul>\n\n\n\n<p><\/p>\n\n\n\n<p>Und vieles mehr!<\/p>\n\n\n\n<figure class=\"wp-block-image size-large is-resized\"><img loading=\"lazy\" decoding=\"async\" width=\"724\" height=\"1024\" src=\"https:\/\/www.emmagoulet.de\/wp-content\/uploads\/2025\/09\/image-724x1024.png\" alt=\"\" class=\"wp-image-15\" style=\"width:534px;height:auto\" srcset=\"https:\/\/emmagoulet.de\/wp-content\/uploads\/2025\/09\/image-724x1024.png 724w, https:\/\/emmagoulet.de\/wp-content\/uploads\/2025\/09\/image-212x300.png 212w, https:\/\/emmagoulet.de\/wp-content\/uploads\/2025\/09\/image-768x1086.png 768w, https:\/\/emmagoulet.de\/wp-content\/uploads\/2025\/09\/image.png 792w\" sizes=\"auto, (max-width: 724px) 100vw, 724px\" \/><\/figure>\n\n\n\n<figure class=\"wp-block-image size-large is-resized\"><img loading=\"lazy\" decoding=\"async\" width=\"672\" height=\"1195\" src=\"https:\/\/emmagoulet.de\/wp-content\/uploads\/2026\/05\/WhatsApp-Image-2025-09-12-at-09.05.24_7f11cb41-edited.jpg\" alt=\"\" class=\"wp-image-222\" style=\"width:504px;height:auto\" srcset=\"https:\/\/emmagoulet.de\/wp-content\/uploads\/2026\/05\/WhatsApp-Image-2025-09-12-at-09.05.24_7f11cb41-edited.jpg 672w, https:\/\/emmagoulet.de\/wp-content\/uploads\/2026\/05\/WhatsApp-Image-2025-09-12-at-09.05.24_7f11cb41-edited-169x300.jpg 169w, https:\/\/emmagoulet.de\/wp-content\/uploads\/2026\/05\/WhatsApp-Image-2025-09-12-at-09.05.24_7f11cb41-edited-576x1024.jpg 576w\" sizes=\"auto, (max-width: 672px) 100vw, 672px\" \/><\/figure>\n","protected":false},"excerpt":{"rendered":"<p>Im August 2025 habe ich meine \u00fcber zweij\u00e4hrige Ausbildung zur Pferdephysiotherapeutin bei der ATM abgeschlossen. Aktuell bin ich seit November 2025 in der Ausbildung f\u00fcr Pferdeosteopathie bei der ATM. 2026: (bis jetzt) 2025: 2024: 2023: 2022: 2021: Und vieles mehr!<\/p>\n","protected":false},"author":2,"featured_media":0,"parent":0,"menu_order":0,"comment_status":"closed","ping_status":"closed","template":"","meta":{"footnotes":""},"class_list":["post-14","page","type-page","status-publish","hentry"],"_links":{"self":[{"href":"https:\/\/emmagoulet.de\/index.php?rest_route=\/wp\/v2\/pages\/14","targetHints":{"allow":["GET"]}}],"collection":[{"href":"https:\/\/emmagoulet.de\/index.php?rest_route=\/wp\/v2\/pages"}],"about":[{"href":"https:\/\/emmagoulet.de\/index.php?rest_route=\/wp\/v2\/types\/page"}],"author":[{"embeddable":true,"href":"https:\/\/emmagoulet.de\/index.php?rest_route=\/wp\/v2\/users\/2"}],"replies":[{"embeddable":true,"href":"https:\/\/emmagoulet.de\/index.php?rest_route=%2Fwp%2Fv2%2Fcomments&post=14"}],"version-history":[{"count":5,"href":"https:\/\/emmagoulet.de\/index.php?rest_route=\/wp\/v2\/pages\/14\/revisions"}],"predecessor-version":[{"id":225,"href":"https:\/\/emmagoulet.de\/index.php?rest_route=\/wp\/v2\/pages\/14\/revisions\/225"}],"wp:attachment":[{"href":"https:\/\/emmagoulet.de\/index.php?rest_route=%2Fwp%2Fv2%2Fmedia&parent=14"}],"curies":[{"name":"wp","href":"https:\/\/api.w.org\/{rel}","templated":true}]}}