{"id":170,"date":"2025-10-22T13:41:23","date_gmt":"2025-10-22T11:41:23","guid":{"rendered":"https:\/\/www.emmagoulet.de\/?page_id=170"},"modified":"2026-05-12T23:11:53","modified_gmt":"2026-05-12T21:11:53","slug":"mein-wirkungskreis-touren","status":"publish","type":"page","link":"https:\/\/emmagoulet.de\/?page_id=170","title":{"rendered":"Mein Wirkungskreis\/ Touren"},"content":{"rendered":"\n<p>Haupts\u00e4chlich bin ich im <strong>gr\u00f6\u00dferen Umkreis um 86551 Aichach<\/strong> unterwegs. <\/p>\n\n\n\n<p>F\u00fcr die ersten 10km um Aichach fallen f\u00fcr Training &amp; Unterricht keine Fahrtkosten an, f\u00fcr Physiotherapie die ersten 15km. <\/p>\n\n\n\n<div class=\"wp-block-media-text is-stacked-on-mobile\" style=\"grid-template-columns:43% auto\"><figure class=\"wp-block-media-text__media\"><img loading=\"lazy\" decoding=\"async\" width=\"991\" height=\"1024\" src=\"https:\/\/www.emmagoulet.de\/wp-content\/uploads\/2025\/10\/Screenshot-2025-10-22-133338-991x1024.png\" alt=\"\" class=\"wp-image-177 size-full\" srcset=\"https:\/\/emmagoulet.de\/wp-content\/uploads\/2025\/10\/Screenshot-2025-10-22-133338-991x1024.png 991w, https:\/\/emmagoulet.de\/wp-content\/uploads\/2025\/10\/Screenshot-2025-10-22-133338-290x300.png 290w, https:\/\/emmagoulet.de\/wp-content\/uploads\/2025\/10\/Screenshot-2025-10-22-133338-768x794.png 768w, https:\/\/emmagoulet.de\/wp-content\/uploads\/2025\/10\/Screenshot-2025-10-22-133338.png 1078w\" sizes=\"auto, (max-width: 991px) 100vw, 991px\" \/><\/figure><div class=\"wp-block-media-text__content\">\n<p>Montags bin ich au\u00dferdem in Richtung Ingolstadt unterwegs, also um Schrobenhausen, Hohenwart und Karlshund unterwegs. <\/p>\n\n\n\n<p><\/p>\n\n\n\n<p>Die Karte zeigt die grobe Route.<\/p>\n<\/div><\/div>\n\n\n\n<div class=\"wp-block-media-text has-media-on-the-right is-stacked-on-mobile\"><div class=\"wp-block-media-text__content\">\n<p>Dienstags bin ich immer entlang der A8, um den W\u00f6rthsee, n\u00f6rlich um den Ammersee und um Landsberg am Lech unterwegs. Die Karte zeigt die grobe Route.<\/p>\n\n\n\n<p><\/p>\n<\/div><figure class=\"wp-block-media-text__media\"><img loading=\"lazy\" decoding=\"async\" width=\"895\" height=\"1024\" src=\"https:\/\/www.emmagoulet.de\/wp-content\/uploads\/2025\/10\/Screenshot-2025-10-22-132009-895x1024.png\" alt=\"\" class=\"wp-image-176 size-full\" srcset=\"https:\/\/emmagoulet.de\/wp-content\/uploads\/2025\/10\/Screenshot-2025-10-22-132009-895x1024.png 895w, https:\/\/emmagoulet.de\/wp-content\/uploads\/2025\/10\/Screenshot-2025-10-22-132009-262x300.png 262w, https:\/\/emmagoulet.de\/wp-content\/uploads\/2025\/10\/Screenshot-2025-10-22-132009-768x878.png 768w, https:\/\/emmagoulet.de\/wp-content\/uploads\/2025\/10\/Screenshot-2025-10-22-132009.png 1114w\" sizes=\"auto, (max-width: 895px) 100vw, 895px\" \/><\/figure><\/div>\n\n\n\n<p>Am Donnerstag bin ich momentan oft im S\u00fcden von M\u00fcnchen und habe dort vereinzelt noch Kapazit\u00e4t f\u00fcr Unterricht oder Physiotherapie frei. Dort bin ich um 82065 Baierbrunn unterwegs, an dem Tag gelten die Fahrtkosten ab Baierbrunn. <\/p>\n\n\n\n<p>Falls Sie zu weit weg wohnen und trotzdem Interesse h\u00e4tten, k\u00f6nnen Sie mir gerne schreiben. Wenn mehr Interesse f\u00fcr einen Ort besteht, k\u00f6nnte eventuell eine Tour zusammenkommen oder man k\u00f6nnte einen Kurs organisieren, wenn an Ihrem Stall\/ in Ihrer Umgebung genug Interessenten sind.<\/p>\n\n\n\n<p>F\u00fcr regelm\u00e4\u00dfigere Begleitung bei weiterer Entfernung k\u00f6nnten Sie auch noch Online-Unterricht in Erw\u00e4gung ziehen. Hier weitere Infos zum Online-Unterricht:<\/p>\n\n\n\n<div class=\"wp-block-buttons is-layout-flex wp-block-buttons-is-layout-flex\">\n<div class=\"wp-block-button\"><a class=\"wp-block-button__link has-background wp-element-button\" href=\"https:\/\/www.emmagoulet.de\/?page_id=182\" style=\"background-color:#d1962a\">Online-Unterricht<\/a><\/div>\n<\/div>\n","protected":false},"excerpt":{"rendered":"<p>Haupts\u00e4chlich bin ich im gr\u00f6\u00dferen Umkreis um 86551 Aichach unterwegs. F\u00fcr die ersten 10km um Aichach fallen f\u00fcr Training &amp; Unterricht keine Fahrtkosten an, f\u00fcr Physiotherapie die ersten 15km. Montags bin ich au\u00dferdem in Richtung Ingolstadt unterwegs, also um Schrobenhausen, Hohenwart und Karlshund unterwegs. Die Karte zeigt die grobe Route. Dienstags bin ich immer entlang [&hellip;]<\/p>\n","protected":false},"author":2,"featured_media":0,"parent":0,"menu_order":0,"comment_status":"closed","ping_status":"closed","template":"","meta":{"footnotes":""},"class_list":["post-170","page","type-page","status-publish","hentry"],"_links":{"self":[{"href":"https:\/\/emmagoulet.de\/index.php?rest_route=\/wp\/v2\/pages\/170","targetHints":{"allow":["GET"]}}],"collection":[{"href":"https:\/\/emmagoulet.de\/index.php?rest_route=\/wp\/v2\/pages"}],"about":[{"href":"https:\/\/emmagoulet.de\/index.php?rest_route=\/wp\/v2\/types\/page"}],"author":[{"embeddable":true,"href":"https:\/\/emmagoulet.de\/index.php?rest_route=\/wp\/v2\/users\/2"}],"replies":[{"embeddable":true,"href":"https:\/\/emmagoulet.de\/index.php?rest_route=%2Fwp%2Fv2%2Fcomments&post=170"}],"version-history":[{"count":4,"href":"https:\/\/emmagoulet.de\/index.php?rest_route=\/wp\/v2\/pages\/170\/revisions"}],"predecessor-version":[{"id":226,"href":"https:\/\/emmagoulet.de\/index.php?rest_route=\/wp\/v2\/pages\/170\/revisions\/226"}],"wp:attachment":[{"href":"https:\/\/emmagoulet.de\/index.php?rest_route=%2Fwp%2Fv2%2Fmedia&parent=170"}],"curies":[{"name":"wp","href":"https:\/\/api.w.org\/{rel}","templated":true}]}}