{"id":19,"date":"2025-09-12T09:14:02","date_gmt":"2025-09-12T07:14:02","guid":{"rendered":"https:\/\/www.emmagoulet.de\/?page_id=19"},"modified":"2026-05-12T23:13:26","modified_gmt":"2026-05-12T21:13:26","slug":"pferdephysiotherapie","status":"publish","type":"page","link":"https:\/\/emmagoulet.de\/?page_id=19","title":{"rendered":"Pferdephysiotherapie"},"content":{"rendered":"\n<p>So l\u00e4uft ein Physio-Ersttermin ab: <\/p>\n\n\n\n<p><strong>Untersuchungsgang:<\/strong><\/p>\n\n\n\n<ul class=\"wp-block-list\">\n<li>Anamnese: Besprechung mit dem Besitzer<\/li>\n\n\n\n<li>Adspektion: Exterieuranalyse im Stand<\/li>\n\n\n\n<li>Ganganalyse<\/li>\n\n\n\n<li>Palpation: Genaues Abf\u00fchlen aller oberfl\u00e4chlicher Muskeln und Knochenstrukturen<\/li>\n\n\n\n<li>Gelenkuntersuchung: Testung der Bewegegungsm\u00f6glichkeiten in jedem Gelenk<\/li>\n<\/ul>\n\n\n\n<p><strong>Behandlung:<\/strong><\/p>\n\n\n\n<ul class=\"wp-block-list\">\n<li>Massage<\/li>\n\n\n\n<li>Gelenk-Mobilisation<\/li>\n\n\n\n<li>Dehnung<\/li>\n\n\n\n<li>Fasziale &amp; Viszerale Osteopathie<\/li>\n\n\n\n<li>Weitere Trainingstipps und -empfehlungen<\/li>\n<\/ul>\n\n\n\n<p>Gerne gebe ich Ihnen auch einige leichte Massagegriffe mit, um ihr Pferd zuk\u00fcnftig selber zwischen den Behandlungen besser zu unterst\u00fctzen.<\/p>\n\n\n\n<p><strong>Aktuelle Preise:<\/strong><\/p>\n\n\n\n<p>Preis f\u00fcr eine komplette Behandlung: 100\u20ac (Zeitaufwand ca 1,5-2h)<\/p>\n\n\n\n<p>Massagen k\u00f6nnen auch alleine gebucht werden, der Preis liegt bei 50\u20ac. (Zeitaufwand ca 45min-1h)<\/p>\n\n\n\n<p>F\u00fcr Physiotherapie-Termine sind die ersten 15km um Aichach Fahrtkostenfrei. F\u00fcr jeden weiteren km werden 0,4\u20ac pro km berechnet.<\/p>\n\n\n\n<figure class=\"wp-block-gallery has-nested-images columns-default is-cropped wp-block-gallery-1 is-layout-flex wp-block-gallery-is-layout-flex\">\n<figure class=\"wp-block-image size-large\"><img loading=\"lazy\" decoding=\"async\" width=\"1080\" height=\"1080\" data-id=\"142\" src=\"https:\/\/www.emmagoulet.de\/wp-content\/uploads\/2025\/10\/WhatsApp-Image-2025-10-07-at-12.11.06_abc20a40-edited.jpg\" alt=\"\" class=\"wp-image-142\" srcset=\"https:\/\/emmagoulet.de\/wp-content\/uploads\/2025\/10\/WhatsApp-Image-2025-10-07-at-12.11.06_abc20a40-edited.jpg 1080w, https:\/\/emmagoulet.de\/wp-content\/uploads\/2025\/10\/WhatsApp-Image-2025-10-07-at-12.11.06_abc20a40-edited-300x300.jpg 300w, https:\/\/emmagoulet.de\/wp-content\/uploads\/2025\/10\/WhatsApp-Image-2025-10-07-at-12.11.06_abc20a40-edited-1024x1024.jpg 1024w, https:\/\/emmagoulet.de\/wp-content\/uploads\/2025\/10\/WhatsApp-Image-2025-10-07-at-12.11.06_abc20a40-edited-150x150.jpg 150w, https:\/\/emmagoulet.de\/wp-content\/uploads\/2025\/10\/WhatsApp-Image-2025-10-07-at-12.11.06_abc20a40-edited-768x768.jpg 768w\" sizes=\"auto, (max-width: 1080px) 100vw, 1080px\" \/><\/figure>\n\n\n\n<figure class=\"wp-block-image size-large\"><img loading=\"lazy\" decoding=\"async\" width=\"480\" height=\"848\" data-id=\"138\" src=\"https:\/\/www.emmagoulet.de\/wp-content\/uploads\/2025\/10\/WhatsApp-Image-2025-10-07-at-12.11.07_084d3a5f.jpg\" alt=\"\" class=\"wp-image-138\" srcset=\"https:\/\/emmagoulet.de\/wp-content\/uploads\/2025\/10\/WhatsApp-Image-2025-10-07-at-12.11.07_084d3a5f.jpg 480w, https:\/\/emmagoulet.de\/wp-content\/uploads\/2025\/10\/WhatsApp-Image-2025-10-07-at-12.11.07_084d3a5f-170x300.jpg 170w\" sizes=\"auto, (max-width: 480px) 100vw, 480px\" \/><\/figure>\n\n\n\n<figure class=\"wp-block-image size-large\"><img loading=\"lazy\" decoding=\"async\" width=\"576\" height=\"1024\" data-id=\"139\" src=\"https:\/\/www.emmagoulet.de\/wp-content\/uploads\/2025\/10\/WhatsApp-Image-2025-10-07-at-12.11.07_279e190e-576x1024.jpg\" alt=\"\" class=\"wp-image-139\" srcset=\"https:\/\/emmagoulet.de\/wp-content\/uploads\/2025\/10\/WhatsApp-Image-2025-10-07-at-12.11.07_279e190e-576x1024.jpg 576w, https:\/\/emmagoulet.de\/wp-content\/uploads\/2025\/10\/WhatsApp-Image-2025-10-07-at-12.11.07_279e190e-169x300.jpg 169w, https:\/\/emmagoulet.de\/wp-content\/uploads\/2025\/10\/WhatsApp-Image-2025-10-07-at-12.11.07_279e190e-768x1365.jpg 768w, https:\/\/emmagoulet.de\/wp-content\/uploads\/2025\/10\/WhatsApp-Image-2025-10-07-at-12.11.07_279e190e-864x1536.jpg 864w, https:\/\/emmagoulet.de\/wp-content\/uploads\/2025\/10\/WhatsApp-Image-2025-10-07-at-12.11.07_279e190e.jpg 1080w\" sizes=\"auto, (max-width: 576px) 100vw, 576px\" \/><\/figure>\n\n\n\n<figure class=\"wp-block-image size-large\"><img loading=\"lazy\" decoding=\"async\" width=\"638\" height=\"478\" data-id=\"143\" src=\"https:\/\/www.emmagoulet.de\/wp-content\/uploads\/2025\/10\/WhatsApp-Image-2025-10-07-at-12.11.07_7be87ba6-edited.jpg\" alt=\"\" class=\"wp-image-143\" srcset=\"https:\/\/emmagoulet.de\/wp-content\/uploads\/2025\/10\/WhatsApp-Image-2025-10-07-at-12.11.07_7be87ba6-edited.jpg 638w, https:\/\/emmagoulet.de\/wp-content\/uploads\/2025\/10\/WhatsApp-Image-2025-10-07-at-12.11.07_7be87ba6-edited-300x225.jpg 300w\" sizes=\"auto, (max-width: 638px) 100vw, 638px\" \/><\/figure>\n<\/figure>\n","protected":false},"excerpt":{"rendered":"<p>So l\u00e4uft ein Physio-Ersttermin ab: Untersuchungsgang: Behandlung: Gerne gebe ich Ihnen auch einige leichte Massagegriffe mit, um ihr Pferd zuk\u00fcnftig selber zwischen den Behandlungen besser zu unterst\u00fctzen. Aktuelle Preise: Preis f\u00fcr eine komplette Behandlung: 100\u20ac (Zeitaufwand ca 1,5-2h) Massagen k\u00f6nnen auch alleine gebucht werden, der Preis liegt bei 50\u20ac. (Zeitaufwand ca 45min-1h) F\u00fcr Physiotherapie-Termine sind [&hellip;]<\/p>\n","protected":false},"author":2,"featured_media":0,"parent":0,"menu_order":0,"comment_status":"closed","ping_status":"closed","template":"","meta":{"footnotes":""},"class_list":["post-19","page","type-page","status-publish","hentry"],"_links":{"self":[{"href":"https:\/\/emmagoulet.de\/index.php?rest_route=\/wp\/v2\/pages\/19","targetHints":{"allow":["GET"]}}],"collection":[{"href":"https:\/\/emmagoulet.de\/index.php?rest_route=\/wp\/v2\/pages"}],"about":[{"href":"https:\/\/emmagoulet.de\/index.php?rest_route=\/wp\/v2\/types\/page"}],"author":[{"embeddable":true,"href":"https:\/\/emmagoulet.de\/index.php?rest_route=\/wp\/v2\/users\/2"}],"replies":[{"embeddable":true,"href":"https:\/\/emmagoulet.de\/index.php?rest_route=%2Fwp%2Fv2%2Fcomments&post=19"}],"version-history":[{"count":3,"href":"https:\/\/emmagoulet.de\/index.php?rest_route=\/wp\/v2\/pages\/19\/revisions"}],"predecessor-version":[{"id":227,"href":"https:\/\/emmagoulet.de\/index.php?rest_route=\/wp\/v2\/pages\/19\/revisions\/227"}],"wp:attachment":[{"href":"https:\/\/emmagoulet.de\/index.php?rest_route=%2Fwp%2Fv2%2Fmedia&parent=19"}],"curies":[{"name":"wp","href":"https:\/\/api.w.org\/{rel}","templated":true}]}}