{"id":43,"date":"2025-09-16T10:24:36","date_gmt":"2025-09-16T08:24:36","guid":{"rendered":"https:\/\/www.emmagoulet.de\/?page_id=43"},"modified":"2025-10-22T19:49:19","modified_gmt":"2025-10-22T17:49:19","slug":"uber-mich","status":"publish","type":"page","link":"https:\/\/emmagoulet.de\/?page_id=43","title":{"rendered":"\u00dcber mich"},"content":{"rendered":"\n<div class=\"wp-block-group has-global-padding is-layout-constrained wp-block-group-is-layout-constrained\">\n<p>Obwohl keiner in meiner Familie irgendwas mit Pferden am Hut hatte, liebe ich Pferde schon von klein auf. In London aufgewachsen, gab es um uns herum nicht sehr viele Reitst\u00e4lle. Pferde waren also immer etwas ganz besonderes f\u00fcr mich. Da ich mir nichts anderes w\u00fcnschte, schenkten mir meine Eltern an meinem 4. Geburtstag meine erste Reitstunde, was meine Liebe f\u00fcr Pferde entfachte.<\/p>\n\n\n\n<figure class=\"wp-block-image aligncenter size-large is-resized\"><img loading=\"lazy\" decoding=\"async\" width=\"768\" height=\"1024\" src=\"https:\/\/www.emmagoulet.de\/wp-content\/uploads\/2025\/09\/WhatsApp-Image-2025-09-16-at-10.06.35_a5988e71-edited-1-768x1024.jpg\" alt=\"\" class=\"wp-image-50\" style=\"width:270px;height:auto\" srcset=\"https:\/\/emmagoulet.de\/wp-content\/uploads\/2025\/09\/WhatsApp-Image-2025-09-16-at-10.06.35_a5988e71-edited-1-768x1023.jpg 768w, https:\/\/emmagoulet.de\/wp-content\/uploads\/2025\/09\/WhatsApp-Image-2025-09-16-at-10.06.35_a5988e71-edited-1-225x300.jpg 225w, https:\/\/emmagoulet.de\/wp-content\/uploads\/2025\/09\/WhatsApp-Image-2025-09-16-at-10.06.35_a5988e71-edited-1.jpg 947w\" sizes=\"auto, (max-width: 768px) 100vw, 768px\" \/><\/figure>\n<\/div>\n\n\n\n<p>Das konnte ich dann auch ein paar Jahre sp\u00e4ter ausleben, denn wir zogen zu meiner Grundschulzeit in den S\u00fcden von M\u00fcnchen. Ganz nah an unserem Haus war ein kleiner Isl\u00e4nderstall, bei dem ich mit 9 Jahren anfing Reitunterricht zu nehmen. Dort bot ich oft meine Hilfe an, da ich so viel Zeit wie m\u00f6glich am Stall verbringen wollte. Ich half beim therapeutischen Reitunterricht und k\u00fcmmerte mich um das Therapiepferd, so dass sich meine Reitlehrerein mehr auf das Kind konzentrieren konnte. Das machte ich f\u00fcr 5 Jahre und lernte viel dabei. Au\u00dferdem durfte ich bereits mit 12 die Reitbeteiligung von &#8216;Florus&#8217;, einem ihrer beiden Pferde werden, was f\u00fcr mich einige riesige Ehre war.<\/p>\n\n\n\n<figure class=\"wp-block-image size-large\"><img loading=\"lazy\" decoding=\"async\" width=\"1313\" height=\"739\" src=\"https:\/\/www.emmagoulet.de\/wp-content\/uploads\/2025\/09\/WhatsApp-Image-2025-09-12-at-10.42.55_a2cf91b7-edited.jpg\" alt=\"\" class=\"wp-image-49\" srcset=\"https:\/\/emmagoulet.de\/wp-content\/uploads\/2025\/09\/WhatsApp-Image-2025-09-12-at-10.42.55_a2cf91b7-edited.jpg 1313w, https:\/\/emmagoulet.de\/wp-content\/uploads\/2025\/09\/WhatsApp-Image-2025-09-12-at-10.42.55_a2cf91b7-edited-300x169.jpg 300w, https:\/\/emmagoulet.de\/wp-content\/uploads\/2025\/09\/WhatsApp-Image-2025-09-12-at-10.42.55_a2cf91b7-edited-1024x576.jpg 1024w, https:\/\/emmagoulet.de\/wp-content\/uploads\/2025\/09\/WhatsApp-Image-2025-09-12-at-10.42.55_a2cf91b7-edited-768x432.jpg 768w\" sizes=\"auto, (max-width: 1313px) 100vw, 1313px\" \/><\/figure>\n\n\n\n<p>Als meine Reitlehrerin ein paar Jahre sp\u00e4ter in Rente ging, \u00fcberraschte sie mich damit, dass ich Florus \u00fcbernehmen durfte. Ich hatte \u00fcber die Jahre so eine Liebe und Verbindung zu ihm aufgebaut und so wurde mir dann mit 15 Jahren mein Kindheitstraum von einem eigenen Pferd erf\u00fcllt. <\/p>\n\n\n\n<figure class=\"wp-block-image aligncenter size-large is-resized\"><img loading=\"lazy\" decoding=\"async\" width=\"1134\" height=\"1512\" src=\"https:\/\/www.emmagoulet.de\/wp-content\/uploads\/2025\/09\/WhatsApp-Image-2025-09-12-at-10.47.27_5bc62dfe-edited.jpg\" alt=\"09.08.2019 - An dem Tag bekam ich Florus' Besitzerin\n\" class=\"wp-image-52\" style=\"width:278px;height:auto\" srcset=\"https:\/\/emmagoulet.de\/wp-content\/uploads\/2025\/09\/WhatsApp-Image-2025-09-12-at-10.47.27_5bc62dfe-edited.jpg 1134w, https:\/\/emmagoulet.de\/wp-content\/uploads\/2025\/09\/WhatsApp-Image-2025-09-12-at-10.47.27_5bc62dfe-edited-225x300.jpg 225w, https:\/\/emmagoulet.de\/wp-content\/uploads\/2025\/09\/WhatsApp-Image-2025-09-12-at-10.47.27_5bc62dfe-edited-768x1024.jpg 768w\" sizes=\"auto, (max-width: 1134px) 100vw, 1134px\" \/><figcaption class=\"wp-element-caption\">Florus und ich an dem Tag, an dem er mein eigenes Pferd wurde<\/figcaption><\/figure>\n\n\n\n<p>Gl\u00fccklicher h\u00e4tte ich nicht sein k\u00f6nnen, mit Florus, meinem nun eigenen Pferd. Leider erlitt Florus ungef\u00e4hr ein halbes Jahr sp\u00e4ter einen Kieferbruch, musste in die Klinik und danach durfte ich ihn einige Zeit nicht reiten und nur begrenzt bewegen. Reiten mit Gebiss durfte ich sechs Monate lang nicht. Da ich mein Pferd nat\u00fcrlich trotzdem in der Zeit zumindest mental besch\u00e4ftigen wollte, fing ich an, mich intensiver \u00fcber die Bodenarbeit und insbesondere das Clickertraining zu informieren. Da das mit Florus so gut klappte, er unglaublich schnell lernte und mit dem Clickertraining langfristig total aufbl\u00fchte, entdeckte ich somit auch eine neue Leidenschaft f\u00fcr mich.<\/p>\n\n\n\n<p>\u00dcber die Jahre durfte ich auch andere Pferde trainieren. Mir machte die Bodenarbeit und das Training mit positiver Verst\u00e4rkung so Spa\u00df, dass ich mich nach meinem Abitur 2022 f\u00fcr einen Berufsweg mit Pferden entschloss.<\/p>\n\n\n\n<p><\/p>\n","protected":false},"excerpt":{"rendered":"<p>Obwohl keiner in meiner Familie irgendwas mit Pferden am Hut hatte, liebe ich Pferde schon von klein auf. In London aufgewachsen, gab es um uns herum nicht sehr viele Reitst\u00e4lle. Pferde waren also immer etwas ganz besonderes f\u00fcr mich. Da ich mir nichts anderes w\u00fcnschte, schenkten mir meine Eltern an meinem 4. Geburtstag meine erste [&hellip;]<\/p>\n","protected":false},"author":2,"featured_media":0,"parent":0,"menu_order":0,"comment_status":"closed","ping_status":"closed","template":"wp-custom-template-dan-temp-custom","meta":{"footnotes":""},"class_list":["post-43","page","type-page","status-publish","hentry"],"_links":{"self":[{"href":"https:\/\/emmagoulet.de\/index.php?rest_route=\/wp\/v2\/pages\/43","targetHints":{"allow":["GET"]}}],"collection":[{"href":"https:\/\/emmagoulet.de\/index.php?rest_route=\/wp\/v2\/pages"}],"about":[{"href":"https:\/\/emmagoulet.de\/index.php?rest_route=\/wp\/v2\/types\/page"}],"author":[{"embeddable":true,"href":"https:\/\/emmagoulet.de\/index.php?rest_route=\/wp\/v2\/users\/2"}],"replies":[{"embeddable":true,"href":"https:\/\/emmagoulet.de\/index.php?rest_route=%2Fwp%2Fv2%2Fcomments&post=43"}],"version-history":[{"count":5,"href":"https:\/\/emmagoulet.de\/index.php?rest_route=\/wp\/v2\/pages\/43\/revisions"}],"predecessor-version":[{"id":197,"href":"https:\/\/emmagoulet.de\/index.php?rest_route=\/wp\/v2\/pages\/43\/revisions\/197"}],"wp:attachment":[{"href":"https:\/\/emmagoulet.de\/index.php?rest_route=%2Fwp%2Fv2%2Fmedia&parent=43"}],"curies":[{"name":"wp","href":"https:\/\/api.w.org\/{rel}","templated":true}]}}